{"id":23,"date":"2014-01-22T13:28:53","date_gmt":"2014-01-22T11:28:53","guid":{"rendered":"http:\/\/testi81.avaruus.net\/?page_id=23"},"modified":"2024-12-09T09:49:46","modified_gmt":"2024-12-09T07:49:46","slug":"viestiristi","status":"publish","type":"page","link":"https:\/\/www.viestikiltojenliitto.fi\/?page_id=23","title":{"rendered":"Viestiristi"},"content":{"rendered":"<p><img loading=\"lazy\" decoding=\"async\" class=\"size-full wp-image-47 alignright\" src=\"http:\/\/www.viestikiltojenliitto.fi\/wp-content\/uploads\/viestiristi.jpg\" alt=\"\" width=\"90\" height=\"222\" \/><\/p>\n<p>Viestiristi on Viestikiltojen liitto ry:n perustama ansioristi, joka voidaan my\u00f6nt\u00e4\u00e4 tunnustuksena ansioista johtamisj\u00e4rjestelm\u00e4alan vapaaehtoisessa maanpuolustusty\u00f6ss\u00e4 sek\u00e4 muissa johtamisj\u00e4rjestelm\u00e4alan maanpuolustusvalmiutta edist\u00e4viss\u00e4 teht\u00e4viss\u00e4.<\/p>\n<p>Viestiristi voidaan my\u00f6nt\u00e4\u00e4:<\/p>\n<ol>\n<li>johtamisj\u00e4rjestelm\u00e4alalla toimivan vapaaehtoisen maanpuolustusj\u00e4rjest\u00f6n j\u00e4senelle, joka on toiminut ansiokkaasti v\u00e4hint\u00e4\u00e4n kymmenen vuoden ajan;<\/li>\n<li>henkil\u00f6lle, joka on toiminut puolustusvoimien johtamisj\u00e4rjestelm\u00e4teht\u00e4viss\u00e4 ansiokkaasti v\u00e4hint\u00e4\u00e4n kymmenen vuodenajan:<\/li>\n<li>henkil\u00f6lle, joka on ty\u00f6skennellyt maanpuolustusvalmiutta edist\u00e4viss\u00e4 teht\u00e4viss\u00e4 ICT-yrityksiss\u00e4 tai -organisaatioissa ansiokkaasti v\u00e4hint\u00e4\u00e4n kymmenen vuoden ajan; tai<\/li>\n<li>muulle maanpuolustusty\u00f6ss\u00e4 tai johtamisj\u00e4rjestelm\u00e4alalla toimivalle tai toimineelle suomalaiselle tai ulkomaalaiselle henkil\u00f6lle, jonka ansiot ovat edellisiin verrattavissa.<\/li>\n<\/ol>\n<p>Erityisist\u00e4 ansioista Viestiristi voidaan my\u00f6nt\u00e4\u00e4 soljen kera. Erityisiksi ansioiksi lasketaan mm. toimiminen toisen pyk\u00e4l\u00e4n mukaisissa teht\u00e4viss\u00e4 johtavassa asemassa menestyksellisesti v\u00e4hint\u00e4\u00e4n kymmenen vuoden ajan tai samojen teht\u00e4vien ansiokas hoitaminen v\u00e4hint\u00e4\u00e4n kahdenkymmenen vuoden ajan. Solki voidaan my\u00f6nt\u00e4\u00e4 my\u00f6s erillisen\u00e4 aikaisemmin my\u00f6nnettyyn ristiin kiinnitett\u00e4v\u00e4ksi.<\/p>\n<p>Viestiristien my\u00f6nt\u00e4misp\u00e4iv\u00e4t ovat viestijoukkojen vuosip\u00e4iv\u00e4 5.3.\u00a0sek\u00e4 j\u00e4\u00e4k\u00e4rieversti A.R. Saarmaan syntym\u00e4p\u00e4iv\u00e4 23.9.<\/p>\n<p>Oheisen kuvan mukaista viestiristi\u00e4 kannetaan sek\u00e4 sotilas- ett\u00e4 siviilipuvussa muiden kunniamerkkien tapaan. Viestiristien lis\u00e4ksi saatavana on my\u00f6s pienoisviestiristej\u00e4. Pienoisviestiristi\u00e4 voivat k\u00e4ytt\u00e4\u00e4 mm. siviilit smokissa, sotilaat juhlapuvussa m\/87 tai maastopuvussa m\/91 sek\u00e4 naiset iltapuvussa.<\/p>\n<p><strong>Viestiristiesitykset 1\/2025<\/strong><\/p>\n<p>Alla olevien linkkien takaa l\u00f6ytyy ohjeet ja lomake Viestiristien anomiseksi sek\u00e4 Viestiristien s\u00e4\u00e4nn\u00f6t.<\/p>\n<p><a href=\"http:\/\/www.viestikiltojenliitto.fi\/wp-content\/uploads\/VIESTIRISTIESITYKSET-1_2025.pdf\">Viestiristiesitykset 1\/2025<\/a><br \/>\nEsityslomake Viestiristin my\u00f6nt\u00e4miseksi <a href=\"http:\/\/www.viestikiltojenliitto.fi\/wp-content\/uploads\/Liite-1_Esityslomake2025.pdf\">(.pdf)<\/a><br \/>\n<a href=\"http:\/\/www.viestikiltojenliitto.fi\/wp-content\/uploads\/viestiristin_saannot2016.pdf\">Viestiristin s\u00e4\u00e4nn\u00f6t<\/a><\/p>\n","protected":false},"excerpt":{"rendered":"<p>Viestiristi on Viestikiltojen liitto ry:n perustama ansioristi, joka voidaan my\u00f6nt\u00e4\u00e4 tunnustuksena ansioista johtamisj\u00e4rjestelm\u00e4alan vapaaehtoisessa maanpuolustusty\u00f6ss\u00e4 sek\u00e4 muissa johtamisj\u00e4rjestelm\u00e4alan maanpuolustusvalmiutta edist\u00e4viss\u00e4 teht\u00e4viss\u00e4. Viestiristi voidaan my\u00f6nt\u00e4\u00e4: johtamisj\u00e4rjestelm\u00e4alalla toimivan vapaaehtoisen maanpuolustusj\u00e4rjest\u00f6n j\u00e4senelle, joka on toiminut ansiokkaasti v\u00e4hint\u00e4\u00e4n kymmenen vuoden ajan; henkil\u00f6lle, joka on toiminut puolustusvoimien johtamisj\u00e4rjestelm\u00e4teht\u00e4viss\u00e4 ansiokkaasti v\u00e4hint\u00e4\u00e4n kymmenen vuodenajan: henkil\u00f6lle, joka on ty\u00f6skennellyt maanpuolustusvalmiutta edist\u00e4viss\u00e4 teht\u00e4viss\u00e4 ICT-yrityksiss\u00e4 [&hellip;]<\/p>\n","protected":false},"author":1,"featured_media":0,"parent":0,"menu_order":0,"comment_status":"closed","ping_status":"closed","template":"","meta":{"footnotes":""},"class_list":["post-23","page","type-page","status-publish","hentry"],"_links":{"self":[{"href":"https:\/\/www.viestikiltojenliitto.fi\/index.php?rest_route=\/wp\/v2\/pages\/23","targetHints":{"allow":["GET"]}}],"collection":[{"href":"https:\/\/www.viestikiltojenliitto.fi\/index.php?rest_route=\/wp\/v2\/pages"}],"about":[{"href":"https:\/\/www.viestikiltojenliitto.fi\/index.php?rest_route=\/wp\/v2\/types\/page"}],"author":[{"embeddable":true,"href":"https:\/\/www.viestikiltojenliitto.fi\/index.php?rest_route=\/wp\/v2\/users\/1"}],"replies":[{"embeddable":true,"href":"https:\/\/www.viestikiltojenliitto.fi\/index.php?rest_route=%2Fwp%2Fv2%2Fcomments&post=23"}],"version-history":[{"count":35,"href":"https:\/\/www.viestikiltojenliitto.fi\/index.php?rest_route=\/wp\/v2\/pages\/23\/revisions"}],"predecessor-version":[{"id":547,"href":"https:\/\/www.viestikiltojenliitto.fi\/index.php?rest_route=\/wp\/v2\/pages\/23\/revisions\/547"}],"wp:attachment":[{"href":"https:\/\/www.viestikiltojenliitto.fi\/index.php?rest_route=%2Fwp%2Fv2%2Fmedia&parent=23"}],"curies":[{"name":"wp","href":"https:\/\/api.w.org\/{rel}","templated":true}]}}