{"id":27,"date":"2014-01-22T13:30:24","date_gmt":"2014-01-22T11:30:24","guid":{"rendered":"http:\/\/testi81.avaruus.net\/?page_id=27"},"modified":"2025-03-28T11:53:29","modified_gmt":"2025-03-28T09:53:29","slug":"yhteystiedot","status":"publish","type":"page","link":"https:\/\/www.viestikiltojenliitto.fi\/?page_id=27","title":{"rendered":"Yhteystiedot"},"content":{"rendered":"<p>Viestikiltojen Liitto Ry<br \/>\nP\u00e4iv\u00f6l\u00e4nrinne 7 A 1<br \/>\n04220 Kerava<\/p>\n<p>Henkil\u00f6iden s\u00e4hk\u00f6postiosoitteet ovat muotoa: etunimi.sukunimi \u00e4t viestikiltojenliitto.fi<\/p>\n<p>Koko hallituksen tavoitat osoitteesta hallitus \u00e4t viestikiltojenliitto.fi<\/p>\n<p><strong>Liittohallitus 2025:<\/strong><\/p>\n<p>Puheenjohtaja<\/p>\n<p style=\"padding-left: 40px;\">Tero Palokangas (Etel\u00e4-H\u00e4meen VK)<\/p>\n<p>1. varapuheenjohtaja<\/p>\n<p style=\"padding-left: 40px;\">Veikko Kuumola (Pirkanmaan VK)<\/p>\n<p>2. varapuheenjohtaja<\/p>\n<p style=\"padding-left: 40px;\">Jari Kallonen (Pohjanmaan VK)<\/p>\n<p>Koulutusp\u00e4\u00e4llikk\u00f6<\/p>\n<p style=\"padding-left: 40px;\">Juha Peltom\u00e4ki (Etel\u00e4-H\u00e4meen VK)<\/p>\n<p>J\u00e4senet<\/p>\n<p style=\"padding-left: 40px;\">Martti Susitaival (Kaakkois-Suomen VK)<\/p>\n<p style=\"padding-left: 40px;\">Matti Strang (P\u00e4ij\u00e4t-H\u00e4meen VK)<\/p>\n<p style=\"padding-left: 40px;\">Marko Tuhkanen (Varsinais-Suomen VK)<\/p>\n<p style=\"padding-left: 40px;\">Jukka Puurula (Kymen VK)<\/p>\n<p style=\"padding-left: 40px;\">Jouni Salmi (Uudenmaan VK)<\/p>\n<p style=\"padding-left: 40px;\">Pekka Wallenstjerna (Etel\u00e4-H\u00e4meen VK)<\/p>\n<p style=\"padding-left: 40px;\">Tero Ahtee (Pirkanmaan VK)<\/p>\n<p><strong>Hallituksen ulkopuoliset toimihenkil\u00f6t:<\/strong><\/p>\n<p>Liiton sihteeri<\/p>\n<p style=\"padding-left: 40px;\">Carl-Magnus Gripenwaldt (Uudenmaan VK)<\/p>\n<p>Liiton taloudenhoitaja<\/p>\n<p style=\"padding-left: 40px;\">Harri Reini<\/p>\n<p>Nettivastaava<\/p>\n<p style=\"padding-left: 40px;\">Miikka Hurmalainen (Pirkanmaan VK)<\/p>\n<p><strong>Valtuuskunta:<\/strong><\/p>\n<p>Pj. Esa Salminen, Viestikiltojen liitto, DNV Cyber<br \/>\nVarapj Jari M\u00e4kinen, Airbus Defence and Space Oy, Viestis\u00e4\u00e4ti\u00f6n kannatusyhdistys (VSKY)<br \/>\nJarmo Vinkvist, Suomen Erillisverkot Oy<br \/>\nJukka-Pekka Pelttari, Viestikiltojen Liitto ry<br \/>\nVesa Kauppinen, Weltest Systems<br \/>\nPertti Hyv\u00e4rinen, Viestiupseeriyhdistys<br \/>\nAnssi K\u00e4rkk\u00e4inen, AFCEA, Kyberpuolustuskilta<br \/>\nErkka Suopanki, Helsingin Reserviupseerien Viestiosasto ry<br \/>\nPetteri Kuosmanen, PV, JOJ\u00c4OS\/PE<br \/>\nAntti Tunkkari, PV, Viestitarkastaja<br \/>\nKari Pietil\u00e4inen, Maanpuolustuskoulutusyhdistys, MPK<br \/>\nJukka-Pekka Virtanen, Puolustusministeri\u00f6<\/p>\n<div><strong>Viestikiltojen Liiton organisaatio:<\/strong><\/div>\n<div><\/div>\n<div><a href=\"http:\/\/www.viestikiltojenliitto.fi\/wp-content\/uploads\/VKL_organisaatio.jpg\"><img loading=\"lazy\" decoding=\"async\" class=\"alignnone size-full wp-image-417\" src=\"http:\/\/www.viestikiltojenliitto.fi\/wp-content\/uploads\/VKL_organisaatio.jpg\" alt=\"\" width=\"960\" height=\"720\" srcset=\"https:\/\/www.viestikiltojenliitto.fi\/wp-content\/uploads\/VKL_organisaatio.jpg 960w, https:\/\/www.viestikiltojenliitto.fi\/wp-content\/uploads\/VKL_organisaatio-300x225.jpg 300w, https:\/\/www.viestikiltojenliitto.fi\/wp-content\/uploads\/VKL_organisaatio-768x576.jpg 768w\" sizes=\"auto, (max-width: 960px) 100vw, 960px\" \/><\/a><\/div>\n<div>Saat kuvan isommaksi klikkaamalla sit\u00e4<\/div>\n","protected":false},"excerpt":{"rendered":"<p>Viestikiltojen Liitto Ry P\u00e4iv\u00f6l\u00e4nrinne 7 A 1 04220 Kerava Henkil\u00f6iden s\u00e4hk\u00f6postiosoitteet ovat muotoa: etunimi.sukunimi \u00e4t viestikiltojenliitto.fi Koko hallituksen tavoitat osoitteesta hallitus \u00e4t viestikiltojenliitto.fi Liittohallitus 2025: Puheenjohtaja Tero Palokangas (Etel\u00e4-H\u00e4meen VK) 1. varapuheenjohtaja Veikko Kuumola (Pirkanmaan VK) 2. varapuheenjohtaja Jari Kallonen (Pohjanmaan VK) Koulutusp\u00e4\u00e4llikk\u00f6 Juha Peltom\u00e4ki (Etel\u00e4-H\u00e4meen VK) J\u00e4senet Martti Susitaival (Kaakkois-Suomen VK) Matti Strang (P\u00e4ij\u00e4t-H\u00e4meen [&hellip;]<\/p>\n","protected":false},"author":1,"featured_media":0,"parent":0,"menu_order":0,"comment_status":"closed","ping_status":"closed","template":"","meta":{"footnotes":""},"class_list":["post-27","page","type-page","status-publish","hentry"],"_links":{"self":[{"href":"https:\/\/www.viestikiltojenliitto.fi\/index.php?rest_route=\/wp\/v2\/pages\/27","targetHints":{"allow":["GET"]}}],"collection":[{"href":"https:\/\/www.viestikiltojenliitto.fi\/index.php?rest_route=\/wp\/v2\/pages"}],"about":[{"href":"https:\/\/www.viestikiltojenliitto.fi\/index.php?rest_route=\/wp\/v2\/types\/page"}],"author":[{"embeddable":true,"href":"https:\/\/www.viestikiltojenliitto.fi\/index.php?rest_route=\/wp\/v2\/users\/1"}],"replies":[{"embeddable":true,"href":"https:\/\/www.viestikiltojenliitto.fi\/index.php?rest_route=%2Fwp%2Fv2%2Fcomments&post=27"}],"version-history":[{"count":41,"href":"https:\/\/www.viestikiltojenliitto.fi\/index.php?rest_route=\/wp\/v2\/pages\/27\/revisions"}],"predecessor-version":[{"id":724,"href":"https:\/\/www.viestikiltojenliitto.fi\/index.php?rest_route=\/wp\/v2\/pages\/27\/revisions\/724"}],"wp:attachment":[{"href":"https:\/\/www.viestikiltojenliitto.fi\/index.php?rest_route=%2Fwp%2Fv2%2Fmedia&parent=27"}],"curies":[{"name":"wp","href":"https:\/\/api.w.org\/{rel}","templated":true}]}}