{"id":29,"date":"2014-01-22T13:38:10","date_gmt":"2014-01-22T11:38:10","guid":{"rendered":"http:\/\/testi81.avaruus.net\/?page_id=29"},"modified":"2025-01-27T13:01:24","modified_gmt":"2025-01-27T11:01:24","slug":"linkit","status":"publish","type":"page","link":"https:\/\/www.viestikiltojenliitto.fi\/?page_id=29","title":{"rendered":"Linkit"},"content":{"rendered":"<p><strong>Alueelliset viestikillat<\/strong><br \/>\n<a href=\"http:\/\/www.viestikiltariihimaki.julkaisee.fi\">Etel\u00e4-H\u00e4meen Viestikilta ry.<\/a><br \/>\n<a href=\"http:\/\/putkiradiomuseo.fi\/Viestikilta\">Kymen Viestikilta ry<\/a><br \/>\n<a href=\"http:\/\/www.pviestikilta.fi\/\">Pirkanmaan Viestikilta ry<\/a><br \/>\n<a href=\"http:\/\/www.uudenmaanviestikilta.fi\/\">Uudenmaan Viestikilta ry<\/a><br \/>\n<a href=\"http:\/\/www.kaakkois-suomenviestikilta.fi\/\">Kaakkois-Suomen Viestikilta ry<\/a><br \/>\n<a href=\"https:\/\/vsviestikilta.webnode.fi\/\">Varsinais-Suomen Viestikilta ry<\/a><br \/>\n<a href=\"https:\/\/mpkl.fi\/guild\/paijat-hameen-viestikilta-ry\/\">P\u00e4ij\u00e4t-H\u00e4meen Viestikilta Ry<\/a><br \/>\n<a href=\"https:\/\/m.facebook.com\/100076471591716\/\">Pohjanmaan Viestikilta ry.<\/a><br \/>\n<a href=\"http:\/\/www.pohjanviestikilta.fi\/\">Pohjan Viestikilta ry<\/a><\/p>\n<p><strong>Muut<\/strong><br \/>\n<a href=\"http:\/\/www.viestiupseeriyhdistys.fi\/\">Viestiupseeriyhdistys ry<\/a><br \/>\n<a href=\"http:\/\/www.mpkl.fi\">Maanpuolustuskiltojen liitto ry<\/a><br \/>\n<a href=\"http:\/\/www.puolustusvoimat.fi\/fi\/\">Puolustusvoimat<\/a><\/p>\n","protected":false},"excerpt":{"rendered":"<p>Alueelliset viestikillat Etel\u00e4-H\u00e4meen Viestikilta ry. Kymen Viestikilta ry Pirkanmaan Viestikilta ry Uudenmaan Viestikilta ry Kaakkois-Suomen Viestikilta ry Varsinais-Suomen Viestikilta ry P\u00e4ij\u00e4t-H\u00e4meen Viestikilta Ry Pohjanmaan Viestikilta ry. Pohjan Viestikilta ry Muut Viestiupseeriyhdistys ry Maanpuolustuskiltojen liitto ry Puolustusvoimat<\/p>\n","protected":false},"author":1,"featured_media":0,"parent":0,"menu_order":0,"comment_status":"closed","ping_status":"closed","template":"","meta":{"footnotes":""},"class_list":["post-29","page","type-page","status-publish","hentry"],"_links":{"self":[{"href":"https:\/\/www.viestikiltojenliitto.fi\/index.php?rest_route=\/wp\/v2\/pages\/29","targetHints":{"allow":["GET"]}}],"collection":[{"href":"https:\/\/www.viestikiltojenliitto.fi\/index.php?rest_route=\/wp\/v2\/pages"}],"about":[{"href":"https:\/\/www.viestikiltojenliitto.fi\/index.php?rest_route=\/wp\/v2\/types\/page"}],"author":[{"embeddable":true,"href":"https:\/\/www.viestikiltojenliitto.fi\/index.php?rest_route=\/wp\/v2\/users\/1"}],"replies":[{"embeddable":true,"href":"https:\/\/www.viestikiltojenliitto.fi\/index.php?rest_route=%2Fwp%2Fv2%2Fcomments&post=29"}],"version-history":[{"count":12,"href":"https:\/\/www.viestikiltojenliitto.fi\/index.php?rest_route=\/wp\/v2\/pages\/29\/revisions"}],"predecessor-version":[{"id":549,"href":"https:\/\/www.viestikiltojenliitto.fi\/index.php?rest_route=\/wp\/v2\/pages\/29\/revisions\/549"}],"wp:attachment":[{"href":"https:\/\/www.viestikiltojenliitto.fi\/index.php?rest_route=%2Fwp%2Fv2%2Fmedia&parent=29"}],"curies":[{"name":"wp","href":"https:\/\/api.w.org\/{rel}","templated":true}]}}