{"id":550,"date":"2025-01-30T16:23:32","date_gmt":"2025-01-30T14:23:32","guid":{"rendered":"https:\/\/www.viestikiltojenliitto.fi\/?page_id=550"},"modified":"2025-04-24T15:16:25","modified_gmt":"2025-04-24T12:16:25","slug":"testi","status":"publish","type":"page","link":"https:\/\/www.viestikiltojenliitto.fi\/?page_id=550","title":{"rendered":"Muistomerkkej\u00e4"},"content":{"rendered":"\n<!DOCTYPE html>\n<html>\n<head>\n    <title>Interactive Map<\/title>\n    <link rel=\"stylesheet\" href=\"https:\/\/unpkg.com\/leaflet\/dist\/leaflet.css\" \/>\n    <script src=\"https:\/\/unpkg.com\/leaflet\/dist\/leaflet.js\"><\/script>\n    <style>\n\/\/        #map { height: 80vh; width: 55vh}\n#map {\n    height: 105vh;  \/* 70% of the viewport height *\/\n    width: 55vh;    \/* 90% of the parent container *\/\n    max-width: 1200px; \/* Prevents the map from becoming too wide *\/\n    margin: auto; \/* Centers the map *\/\n}\n    <\/style>\n<\/head>\n<body>\n<h4>Viestihistoriallisia muistomerkkej\u00e4 ja muistolaattoja<\/h4>\n\nAlla olevalle kartalle on koottu viestimuistomerkkien sijainteja, joita klikkaamalla p\u00e4\u00e4see avaamaan kyseisen muistomerkin lis\u00e4tietosivun. Karttaa p\u00e4ivitet\u00e4\u00e4n ja lis\u00e4tietosivuja lis\u00e4t\u00e4\u00e4n jatkuvasti. Kuvia ja tietoja muistomerkeist\u00e4 sek\u00e4 niiden sijainnista voi toimittaa osoitteeseen nettivastaava \u00e4t viestikiltojenliitto.fi<p><p>\n\n<a href='https:\/\/www.viestikiltojenliitto.fi\/wp-content\/uploads\/viestimuistomerkit.pdf'>Klikkaa t\u00e4st\u00e4 lista tiedossa olevista viestimuistomerkeist\u00e4<\/a><p>\n\n    <div id=\"map\"><\/div>\n    <script>\n        \/\/ Initialize map\n        var map = L.map('map').setView([65.338, 26.02], 6); \/\/ Center on Finland\n\n        \/\/ Add OpenStreetMap tile layer\n        L.tileLayer('https:\/\/{s}.tile.openstreetmap.org\/{z}\/{x}\/{y}.png', {\n            attribution: '&copy; OpenStreetMap contributors'\n        }).addTo(map);\n\n        \/\/ Add a sample marker\n        L.marker([61.429983, 23.02775]).addTo(map)\n            .bindPopup(\"<a href='https:\/\/www.viestikiltojenliitto.fi\/?page_id=590'>Viestikoulutuskeskus 1941-42, Sastamala, Karkun Opisto<\/a>\")\n\/\/            .openPopup();\n L.marker([61.675910, 27.266612]).addTo(map)\n            .bindPopup(\"<a href='https:\/\/www.viestikiltojenliitto.fi\/?page_id=603'>P\u00e4\u00e4majan radiokeskus<\/a>\")\n L.marker([61.691971, 27.271774]).addTo(map)\n            .bindPopup(\"<a href='https:\/\/www.viestikiltojenliitto.fi\/?page_id=642'>Kentt\u00e4lenn\u00e4tinpataljoona<\/a>\")\n\n L.marker([60.149750796, 25.043645338]).addTo(map)\n            .bindPopup(\"<a href='https:\/\/www.viestikiltojenliitto.fi\/?page_id=655'>Radiopataljoona \/ Viestipataljoona 1<\/a>\")\n\n L.marker([60.183234, 25.009365]).addTo(map)\n            .bindPopup(\"<a href='https:\/\/www.viestikiltojenliitto.fi\/?page_id=660'>Ekbergin radioasema<\/a>\")\n\n L.marker([60.87347318, 26.682803277]).addTo(map)\n            .bindPopup(\"<a href='https:\/\/www.viestikiltojenliitto.fi\/?page_id=668'>3. Viestikomppania \/ Viestipataljoona 15<\/a>\")\n\n L.marker([60.42236228, 22.524416093]).addTo(map)\n            .bindPopup(\"<a href='https:\/\/www.viestikiltojenliitto.fi\/?page_id=684'>Viestipataljoona 33<\/a>\")\n\n L.marker([60.746652001, 24.785466087]).addTo(map)\n            .bindPopup(\"<a href='https:\/\/www.viestikiltojenliitto.fi\/?page_id=647'>Viestikoulutuskeskus 1939-40<\/a>\")\n\n L.marker([60.746531332, 24.779689794]).addTo(map)\n            .bindPopup(\"<a href='https:\/\/www.viestikiltojenliitto.fi\/?page_id=708'>Viestimuistomerkki<\/a>\")\n\n L.marker([60.759418105, 24.797723189]).addTo(map)\n            .bindPopup(\"<a href='https:\/\/www.viestikiltojenliitto.fi\/?page_id=737'>Riihim\u00e4en varuskunnan peruskivi<\/a>\")\n\n L.marker([60.759460, 24.797437]).addTo(map)\n            .bindPopup(\"<a href='https:\/\/www.viestikiltojenliitto.fi\/?page_id=649'>Viestirykmentin viestikivi<\/a>\")\n\n L.marker([62.7898576869599, 22.846328005342365]).addTo(map)\n            .bindPopup(\"<a href='https:\/\/www.viestikiltojenliitto.fi\/?page_id=751'>8. Divisioonan Viestikomppania<\/a>\")\n\n L.marker([62.73139924185864, 22.567615144976465]).addTo(map)\n            .bindPopup(\"<a href='https:\/\/www.viestikiltojenliitto.fi\/?page_id=760'>Viestipataljoona 5<\/a>\")\n\n L.marker([63.09511062837208, 21.581465599124865]).addTo(map)\n            .bindPopup(\"<a href='https:\/\/www.viestikiltojenliitto.fi\/?page_id=765'>Saarmaan radioasema<\/a>\")\n\n    <\/script>\n<\/body>\n<\/html>\n","protected":false},"excerpt":{"rendered":"<p>Interactive Map Viestihistoriallisia muistomerkkej\u00e4 ja muistolaattoja Alla olevalle kartalle on koottu viestimuistomerkkien sijainteja, joita klikkaamalla p\u00e4\u00e4see avaamaan kyseisen muistomerkin lis\u00e4tietosivun. Karttaa p\u00e4ivitet\u00e4\u00e4n ja lis\u00e4tietosivuja lis\u00e4t\u00e4\u00e4n jatkuvasti. Kuvia ja tietoja muistomerkeist\u00e4 sek\u00e4 niiden sijainnista voi toimittaa osoitteeseen nettivastaava \u00e4t viestikiltojenliitto.fi Klikkaa t\u00e4st\u00e4 lista tiedossa olevista viestimuistomerkeist\u00e4<\/p>\n","protected":false},"author":1,"featured_media":0,"parent":0,"menu_order":0,"comment_status":"closed","ping_status":"closed","template":"","meta":{"footnotes":""},"class_list":["post-550","page","type-page","status-publish","hentry"],"_links":{"self":[{"href":"https:\/\/www.viestikiltojenliitto.fi\/index.php?rest_route=\/wp\/v2\/pages\/550","targetHints":{"allow":["GET"]}}],"collection":[{"href":"https:\/\/www.viestikiltojenliitto.fi\/index.php?rest_route=\/wp\/v2\/pages"}],"about":[{"href":"https:\/\/www.viestikiltojenliitto.fi\/index.php?rest_route=\/wp\/v2\/types\/page"}],"author":[{"embeddable":true,"href":"https:\/\/www.viestikiltojenliitto.fi\/index.php?rest_route=\/wp\/v2\/users\/1"}],"replies":[{"embeddable":true,"href":"https:\/\/www.viestikiltojenliitto.fi\/index.php?rest_route=%2Fwp%2Fv2%2Fcomments&post=550"}],"version-history":[{"count":78,"href":"https:\/\/www.viestikiltojenliitto.fi\/index.php?rest_route=\/wp\/v2\/pages\/550\/revisions"}],"predecessor-version":[{"id":767,"href":"https:\/\/www.viestikiltojenliitto.fi\/index.php?rest_route=\/wp\/v2\/pages\/550\/revisions\/767"}],"wp:attachment":[{"href":"https:\/\/www.viestikiltojenliitto.fi\/index.php?rest_route=%2Fwp%2Fv2%2Fmedia&parent=550"}],"curies":[{"name":"wp","href":"https:\/\/api.w.org\/{rel}","templated":true}]}}