{"id":590,"date":"2025-02-01T14:57:08","date_gmt":"2025-02-01T12:57:08","guid":{"rendered":"https:\/\/www.viestikiltojenliitto.fi\/?page_id=590"},"modified":"2025-02-15T12:43:14","modified_gmt":"2025-02-15T10:43:14","slug":"karkun-viestikoulutuskeskuksen-muistolaatta","status":"publish","type":"page","link":"https:\/\/www.viestikiltojenliitto.fi\/?page_id=590","title":{"rendered":"Karkun Viestikoulutuskeskuksen muistolaatta"},"content":{"rendered":"\n<p>Viestikoulutuskeskus toimi Karkun opistossa lokakuusta 1941 aina elokuun loppuun 1942.<\/p>\n\n\n\n<figure class=\"wp-block-image size-large\"><img loading=\"lazy\" decoding=\"async\" width=\"1024\" height=\"561\" src=\"http:\/\/www.viestikiltojenliitto.fi\/wp-content\/uploads\/Karkku-muistolaatta-1024x561.jpg\" alt=\"\" class=\"wp-image-589\" srcset=\"https:\/\/www.viestikiltojenliitto.fi\/wp-content\/uploads\/Karkku-muistolaatta-1024x561.jpg 1024w, https:\/\/www.viestikiltojenliitto.fi\/wp-content\/uploads\/Karkku-muistolaatta-300x164.jpg 300w, https:\/\/www.viestikiltojenliitto.fi\/wp-content\/uploads\/Karkku-muistolaatta-768x421.jpg 768w, https:\/\/www.viestikiltojenliitto.fi\/wp-content\/uploads\/Karkku-muistolaatta-1536x841.jpg 1536w, https:\/\/www.viestikiltojenliitto.fi\/wp-content\/uploads\/Karkku-muistolaatta-2048x1122.jpg 2048w\" sizes=\"auto, (max-width: 1024px) 100vw, 1024px\" \/><\/figure>\n\n\n\n<p><\/p>\n\n\n\n<p>Poimintoja Esko Lammin kirjoittamasta <em>Asevarikko 3 &#8211; Perustamisesta nykyp\u00e4iv\u00e4\u00e4n<\/em> kirjasta:<br><em>\u201dTeht\u00e4v\u00e4ns\u00e4 mukaisesti koulutuskeskus koulutti reservil\u00e4isi\u00e4 ja alokkaita puhelin ja radioviestitysteht\u00e4viin ja j\u00e4rjesti Kotijoukkojen Esikunnan sille erikseen k\u00e4skem\u00e4t erikoiskurssit. Yksityiskohtaiset koulutusohjelmat laati koulutuskeskuksen koulutusupseeri Kotijoukkojen Esikunnan antamien ohjeiden mukaan.<\/em><\/p>\n\n\n\n<p><em>Reservil\u00e4iset muodostivat oman koulutusryhm\u00e4ns\u00e4. Peruskoulutussuunnitelma heid\u00e4n kohdallaan voitiin toteuttaa suunniteltua nopeammin, koska ennest\u00e4\u00e4n tuttujen asioiden kertaamiseen tarvittiin vain 1\u20132 viikkoa aikaa. Peruskoulutusta seurasi niin reservil\u00e4is- kuin alokaskoulutusryhmien erikoiskoulutus, josta mainittakoon kentt\u00e4kaapeli- ja kirkasjohdinkoulutus. Radiokoulutuksessa k\u00e4ytettiin \u201dS\u00e4hk\u00f6tysaapista\u201d ja liikenne rimoilla aloitettiin heti, kun s\u00e4hk\u00f6tystaito sen salli. S\u00e4hk\u00f6tystason noustua yli 40 kirjaimeen\/min asemaliikenteeseen. Koulutuksen aikana pidettiin my\u00f6s luokkakokeita, joihin saivat osallistua kaikki 60 tahdin l\u00e4p\u00e4isseet s\u00e4hk\u00f6tysoppilaat. Joitakin erityisen hyvin luokkakokeen suorittaneita nimitettiin korpraaleiksi, mill\u00e4 oli suuri merkitys palvelusinnokkuuteen. Palveluskalustona oli mm. Helvar ja Telefunken B-radiot.<\/em><\/p>\n\n\n\n<p><em>6-viikkoiselle puhelin- ja radiomekaanikkokurssille valittiin sellaista henkil\u00f6st\u00f6\u00e4, jolla oli jo valmiiksi riitt\u00e4v\u00e4t perustiedot siviilikoulutuksensa perusteella. Mekaanikkokursseilla annettiin mahdollisimman t\u00e4ydellinen koulutus puhelimien, keskusten ja radioiden rakenteen ja toiminnan tuntemisesta, vikojen etsimisest\u00e4, korjaamisesta ja huollosta. Viestikoulutuskeskuksessa j\u00e4rjestettiin kolme erillist\u00e4 noin kuukauden pituista ryhm\u00e4njohtajakurssia. Ensimm\u00e4inen kurssi j\u00e4rjestettiin 1.9-30.9.1941 Sammaljoella, toinen Karkussa Aluskyl\u00e4n kansakoululla 13.10-10.11.1941 ja kolmas samassa paikassa ajalla 16.2.-15.3.1942.<\/em><\/p>\n\n\n\n<p><em>Ensimm\u00e4isell\u00e4 kurssilla koulutettiin yksinomaan radiolinjan oppilaita, mutta kahdella seuraavalla kurssilla oli oppilaita my\u00f6s puhelinlinjalla. Luutnantti Risto Braxin johdolla toiminut kurssi kaikkiaan 241 oppilasta ryhm\u00e4njohtajiksi. Kurssin oppiaineista mainittakoon yleisten aineiden lis\u00e4ksi viestikoulutuksen huomattava osuus 131 tuntia kokonaistuntim\u00e4\u00e4r\u00e4n ollessa 186 tuntia.<\/em><\/p>\n\n\n\n<p><em>Viestikoulutuskeskuksessa j\u00e4rjestettiin 19.1-21.6.1942 tykist\u00f6n radiokurssi, jonka vahvuus oli 14 aliupseeria ja 151 miest\u00e4. Kurssin johtajana toimi luutnantti Ojala ja kouluttajina v\u00e4nrikki Tuura v\u00e4\u00e4peli Ij\u00e4s. Kurssi oli alun perin suunniteltu kest\u00e4m\u00e4\u00e4n 3 kuukautta. 36 kurssilaista siirtyi tosin jo huhti-toukokuussa takaisin omiin yksikk\u00f6ihins\u00e4 saavutettuaan II lk. radios\u00e4hk\u00f6tt\u00e4j\u00e4n tason. Kaikkiaan kurssilta valmistui eritasoisia radiomiehi\u00e4 108.<\/em><\/p>\n\n\n\n<p><em>Viestikoulutuksessa oli yht\u00e4 aikaa opetuksessa keskim\u00e4\u00e4rin noin 50 upseeria, ja sata aliupseeria sek\u00e4 700 miest\u00e4. Koulutettavien lukum\u00e4\u00e4r\u00e4 oli suurimmillaan 1250 sotilasta. Henkil\u00f6t\u00e4ydennyksen ollessa kiivaimmillaan Viestikoulutuskeskukseen saapui jopa 3000 koulutettavaa kuukaudessa, ja sielt\u00e4 l\u00e4hetettiin noin 2800 miest\u00e4 vastaavasti koulutettuna rintamajoukoille. Kotijoukkojen Esikunnan p\u00e4\u00e4t\u00f6ksell\u00e4 Viestikoulutuskeskus m\u00e4\u00e4r\u00e4ttiin lakkautettavaksi Karkussa 31.8.1942 ja sen sijaan perustettiin viestikoulutuksen jatkamiseksi kotijoukoissa Viestikoulutuskomppania Pioneerikoulutuskeskuksen yhteyteen Korialle.\u201d<\/em><\/p>\n\n\n\n<p>Viestikeskuksen muistolaatta paljastettiin 2.10.2021.<\/p>\n\n\n\n<p>K\u00e4yntiosoite on Riippil\u00e4ntie 199, 38100 Sastamala. WGS84-koordinaatit: 61.429983, 23.02775<\/p>\n\n\n\n<p><a href=\"https:\/\/www.google.com\/maps\/dir\/?api=1&amp;destination=61.429983,23.02775\">Ajo-ohje t\u00e4nne<\/a><\/p>\n","protected":false},"excerpt":{"rendered":"<p>Viestikoulutuskeskus toimi Karkun opistossa lokakuusta 1941 aina elokuun loppuun 1942. Poimintoja Esko Lammin kirjoittamasta Asevarikko 3 &#8211; Perustamisesta nykyp\u00e4iv\u00e4\u00e4n kirjasta:\u201dTeht\u00e4v\u00e4ns\u00e4 mukaisesti koulutuskeskus koulutti reservil\u00e4isi\u00e4 ja alokkaita puhelin ja radioviestitysteht\u00e4viin ja j\u00e4rjesti Kotijoukkojen Esikunnan sille erikseen k\u00e4skem\u00e4t erikoiskurssit. Yksityiskohtaiset koulutusohjelmat laati koulutuskeskuksen koulutusupseeri Kotijoukkojen Esikunnan antamien ohjeiden mukaan. Reservil\u00e4iset muodostivat oman koulutusryhm\u00e4ns\u00e4. Peruskoulutussuunnitelma heid\u00e4n kohdallaan voitiin [&hellip;]<\/p>\n","protected":false},"author":1,"featured_media":0,"parent":0,"menu_order":0,"comment_status":"closed","ping_status":"closed","template":"","meta":{"footnotes":""},"class_list":["post-590","page","type-page","status-publish","hentry"],"_links":{"self":[{"href":"https:\/\/www.viestikiltojenliitto.fi\/index.php?rest_route=\/wp\/v2\/pages\/590","targetHints":{"allow":["GET"]}}],"collection":[{"href":"https:\/\/www.viestikiltojenliitto.fi\/index.php?rest_route=\/wp\/v2\/pages"}],"about":[{"href":"https:\/\/www.viestikiltojenliitto.fi\/index.php?rest_route=\/wp\/v2\/types\/page"}],"author":[{"embeddable":true,"href":"https:\/\/www.viestikiltojenliitto.fi\/index.php?rest_route=\/wp\/v2\/users\/1"}],"replies":[{"embeddable":true,"href":"https:\/\/www.viestikiltojenliitto.fi\/index.php?rest_route=%2Fwp%2Fv2%2Fcomments&post=590"}],"version-history":[{"count":8,"href":"https:\/\/www.viestikiltojenliitto.fi\/index.php?rest_route=\/wp\/v2\/pages\/590\/revisions"}],"predecessor-version":[{"id":688,"href":"https:\/\/www.viestikiltojenliitto.fi\/index.php?rest_route=\/wp\/v2\/pages\/590\/revisions\/688"}],"wp:attachment":[{"href":"https:\/\/www.viestikiltojenliitto.fi\/index.php?rest_route=%2Fwp%2Fv2%2Fmedia&parent=590"}],"curies":[{"name":"wp","href":"https:\/\/api.w.org\/{rel}","templated":true}]}}