{"id":8,"date":"2014-01-03T13:09:51","date_gmt":"2014-01-03T11:09:51","guid":{"rendered":"http:\/\/testi81.avaruus.net\/?page_id=8"},"modified":"2025-10-20T16:39:17","modified_gmt":"2025-10-20T13:39:17","slug":"etusivu-2","status":"publish","type":"page","link":"https:\/\/www.viestikiltojenliitto.fi\/","title":{"rendered":"Esittely"},"content":{"rendered":"<p>Viestikiltojen Liitto ry on 3.3.1963 perustettu tieto- ja viestitekniikan sek\u00e4 kyberturvallisuuden aloilla toimivien vapaaehtoisten maanpuolustajien valtakunnallinen kattoj\u00e4rjest\u00f6, jonka kotipaikkana on Riihim\u00e4en kaupunki. Se muodostuu kahdeksasta alueellisesta viestikillasta j\u00e4senm\u00e4\u00e4r\u00e4n ollessa noin 500.<\/p>\n<p>Viestikiltojen Liitto ry haluaa kehitty\u00e4 aktiivisena, ammattitaitoisena ja kiinnostavana viesti- ja johtamisj\u00e4rjestelm\u00e4alan kouluttajana, poikkeusolojen kansallisen johtamisvalmiuden kehitt\u00e4j\u00e4n\u00e4 ja viestiaselajin perinteiden ja historian vaalijana. Ainoina viestiaselajin vapaaehtoiskent\u00e4n alueellisina toimijoina liiton keskeisin tavoite on turvata viestikiltojen toiminta. Liitto ja siihen kuuluvat killat tekev\u00e4t tiivist\u00e4 ja monitasoista yhteisty\u00f6t\u00e4 Puolustusvoimien, Maanpuolustuskoulutusyhdistyksen, maanpuolustusj\u00e4rjest\u00f6jen, yritysten ja oppilaitosten kanssa sek\u00e4 muiden maanpuolustusj\u00e4rjest\u00f6jen kanssa.<\/p>\n<p>Liiton s\u00e4\u00e4nt\u00f6m\u00e4\u00e4r\u00e4isen\u00e4 tarkoituksena on edist\u00e4\u00e4 maanpuolustusty\u00f6t\u00e4 sek\u00e4 lis\u00e4t\u00e4 j\u00e4sentens\u00e4 ja kansalaisten maanpuolustustahtoa, vaalia viestialan historiallisia perinteit\u00e4 sek\u00e4 tukea ja edist\u00e4\u00e4 j\u00e4sentens\u00e4 toimintaa. Liitto toimii j\u00e4sentens\u00e4 yhdyssiteen\u00e4 yll\u00e4pit\u00e4en ja kehitt\u00e4en yhteisty\u00f6t\u00e4 my\u00f6s muiden maanpuolustusj\u00e4rjest\u00f6jen kanssa. Toiminta ulotetaan mahdollisimman laajoihin kansalaispiireihin sukupuoleen ja sotilasarvoon katsomatta.<\/p>\n<p>Tarkoituksensa toteuttamiseksi liitto j\u00e4rjest\u00e4\u00e4 juhla-, kokous-, esitelm\u00e4-, seminaari-, keskustelu-, liikunta- ja tutustumistilaisuuksia sek\u00e4 harjoittaa julkaisutoimintaa. Liitto ker\u00e4\u00e4 ja j\u00e4rjest\u00e4\u00e4 perinneaineistoa ja osallistuu Museo Militarian kehitt\u00e4miseen. Liitto voi j\u00e4rjest\u00e4\u00e4 ampumakilpailuja ja harjoittaa myynti-, kustannus- ja tietoteknillist\u00e4 toimintaa, toimeenpanna arpajaisia ja ker\u00e4yksi\u00e4 sek\u00e4 maksullisia huvi- ja juhlatilaisuuksia. Se voi vastaanottaa my\u00f6s lahjoituksia ja testamentteja sek\u00e4 omistaa toimintaansa varten kiinte\u00e4\u00e4 ja irtainta omaisuutta.<\/p>\n<p>Liiton toimintaa johtaa liittohallitus, joka muodostuu puheenjohtajasta, kahdesta varapuheenjohtajasta ja 6-9 j\u00e4senest\u00e4. L\u00e4ht\u00f6kohtaisesti jokaisesta viestikillasta on edustaja liittohallituksessa. Hallitukseen kuulumattomina liiton hallintoon osallistuu sihteerin lis\u00e4ksi taloudenhoitaja.<\/p>\n<p>Liittohallituksen neuvoa-antavana elimen\u00e4 toimii valtuuskunta, johon kuuluu puheenjohtaja, varapuheenjohtaja ja yhdeks\u00e4st\u00e4 kahteentoista j\u00e4sent\u00e4. Valtuuskunnassa on edustajia Puolustusvoimista, tietoteknisen tai s\u00e4hk\u00f6isen viestinn\u00e4n alojen organisaatioista, viestialan maanpuolustusj\u00e4rjest\u00f6ist\u00e4 sek\u00e4 alan teollisuuden, tutkimuksen sek\u00e4 koulutuksen kent\u00e4st\u00e4. Valtuuskunta on profiloitunut viimeisten vuosien aikana koko viesti- ja johtamisj\u00e4rjestelm\u00e4alan vapaaehtoiskent\u00e4n yhteiseksi \u201dsateenvarjoksi\u201d tukien yhteistoiminnan kehitt\u00e4mist\u00e4 ja tiedottamista.<\/p>\n<p>Liiton ylint\u00e4 p\u00e4\u00e4t\u00f6svaltaa k\u00e4ytt\u00e4\u00e4 liiton kokoukset, joita pidet\u00e4\u00e4n kahdesti vuodessa, kev\u00e4tkokous maaliskuun loppuun menness\u00e4 ja syyskokous marraskuussa. Viestikillat ovat oikeutettuja l\u00e4hett\u00e4m\u00e4\u00e4n kokoukseen kaksi virallista edustajaa jokaista alkavaa sataa j\u00e4sent\u00e4 kohden.<\/p>\n<p>Liitto osallistuu Suomen tykist\u00f6-, pioneeri- ja viestimuseoyhdistyksen sek\u00e4 Museo Militarian toimintaan. Liitto on yksi Museo Militarian omistajista. Museotoiminnan hoitamista ja kehitt\u00e4mist\u00e4 varten liittohallitus nime\u00e4\u00e4 Viestikiltojen Liiton edustajat Suomen tykist\u00f6-, pioneeri- ja viestimuseoyhdistyksen hallitukseen. Museoyhdistyksen puheenjohtajuus kiert\u00e4\u00e4 kaksivuotisena kolmen omistajayhdistyksen v\u00e4lill\u00e4.<\/p>\n<p><strong>Viestikiltojen liiton 60-vuotista taivalta juhlittiin viestiaselajin vuosip\u00e4iv\u00e4n\u00e4 5.3.2023 Riihim\u00e4en varuskunnassa. <a href=\"http:\/\/www.viestikiltojenliitto.fi\/wp-content\/uploads\/VKL_60v_viestijoukot_105v_Riihimaki_05032023.pdf\">Lue t\u00e4st\u00e4 liiton puheenjohtajan juhlapuhe.<\/a><\/strong><\/p>\n<p>Viestikiltojen liiton 60-vuotisjuhlakirja julkaistiin Saarmaa-seminaarin yhteydess\u00e4 22.9.2023. <strong><a href=\"http:\/\/www.viestikiltojenliitto.fi\/wp-content\/uploads\/vkl_juhlakirjanjulkaisupuhe.pdf\">Lue t\u00e4st\u00e4 liiton puheenjohtajan puhe.<\/a><\/strong><\/p>\n<p>Viestikiltojen liiton puheenjohtaja vaihtuu vuoden 2024 alusta lukien. <strong><a href=\"http:\/\/www.viestikiltojenliitto.fi\/wp-content\/uploads\/VKL_vaistyvan_puheenjohtajan_tervehdys_31_12_2023.pdf\">V\u00e4istyv\u00e4n puheenjohtajan Jukka-Pekka Virtasen tervehdyksen 31.12.2023 voit lukea t\u00e4st\u00e4.<\/a><\/strong><\/p>\n<p>Seuraavat viestikillat ovat Viestikiltojen Liiton j\u00e4seni\u00e4:<\/p>\n<ul>\n<li>Etel\u00e4-H\u00e4meen Viestikilta Ry<\/li>\n<li>Pirkanmaan Viestikilta Ry<\/li>\n<li>Varsinais-Suomen Viestikilta Ry<\/li>\n<li>Uudenmaan Viestikilta Ry<\/li>\n<li>Kymen Viestikilta Ry<\/li>\n<li>Kaakkois-Suomen Viestikilta Ry<\/li>\n<li>Pohjanmaan Viestikilta Ry<\/li>\n<li>P\u00e4ij\u00e4t-H\u00e4meen Viestikilta Ry<\/li>\n<li>Pohjan Viestikilta ry<\/li>\n<\/ul>\n<p><span style=\"line-height: 1.5;\">Jos olet viestijoukoissa palvellut tai palveleva, telealan teht\u00e4viss\u00e4 toimiva tai alaa harrastava, elektroniikka- tai tietoteknisen koulutuksen saanut tai viestialan perinteist\u00e4 kiinnostunut mies tai nainen, olet l\u00e4mpim\u00e4sti tervetullut mukaan viestikiltojen toimintaan. Viestikillat ovat juuri sinulle tarkoitettuja aktiivisia maanpuolustusj\u00e4rjest\u00f6j\u00e4. Tule mukaan!<\/span><\/p>\n<p><strong><a href=\"http:\/\/www.viestikiltojenliitto.fi\/wp-content\/uploads\/VKL-saannot-2013.pdf\">Viestikiltojen liiton s\u00e4\u00e4nn\u00f6t<\/a><\/strong><\/p>\n","protected":false},"excerpt":{"rendered":"<p>Viestikiltojen Liitto ry on 3.3.1963 perustettu tieto- ja viestitekniikan sek\u00e4 kyberturvallisuuden aloilla toimivien vapaaehtoisten maanpuolustajien valtakunnallinen kattoj\u00e4rjest\u00f6, jonka kotipaikkana on Riihim\u00e4en kaupunki. Se muodostuu kahdeksasta alueellisesta viestikillasta j\u00e4senm\u00e4\u00e4r\u00e4n ollessa noin 500. Viestikiltojen Liitto ry haluaa kehitty\u00e4 aktiivisena, ammattitaitoisena ja kiinnostavana viesti- ja johtamisj\u00e4rjestelm\u00e4alan kouluttajana, poikkeusolojen kansallisen johtamisvalmiuden kehitt\u00e4j\u00e4n\u00e4 ja viestiaselajin perinteiden ja historian vaalijana. Ainoina [&hellip;]<\/p>\n","protected":false},"author":1,"featured_media":0,"parent":0,"menu_order":0,"comment_status":"closed","ping_status":"closed","template":"","meta":{"footnotes":""},"class_list":["post-8","page","type-page","status-publish","hentry"],"_links":{"self":[{"href":"https:\/\/www.viestikiltojenliitto.fi\/index.php?rest_route=\/wp\/v2\/pages\/8","targetHints":{"allow":["GET"]}}],"collection":[{"href":"https:\/\/www.viestikiltojenliitto.fi\/index.php?rest_route=\/wp\/v2\/pages"}],"about":[{"href":"https:\/\/www.viestikiltojenliitto.fi\/index.php?rest_route=\/wp\/v2\/types\/page"}],"author":[{"embeddable":true,"href":"https:\/\/www.viestikiltojenliitto.fi\/index.php?rest_route=\/wp\/v2\/users\/1"}],"replies":[{"embeddable":true,"href":"https:\/\/www.viestikiltojenliitto.fi\/index.php?rest_route=%2Fwp%2Fv2%2Fcomments&post=8"}],"version-history":[{"count":26,"href":"https:\/\/www.viestikiltojenliitto.fi\/index.php?rest_route=\/wp\/v2\/pages\/8\/revisions"}],"predecessor-version":[{"id":782,"href":"https:\/\/www.viestikiltojenliitto.fi\/index.php?rest_route=\/wp\/v2\/pages\/8\/revisions\/782"}],"wp:attachment":[{"href":"https:\/\/www.viestikiltojenliitto.fi\/index.php?rest_route=%2Fwp%2Fv2%2Fmedia&parent=8"}],"curies":[{"name":"wp","href":"https:\/\/api.w.org\/{rel}","templated":true}]}}